{"id":9,"date":"2010-01-19T12:49:50","date_gmt":"2010-01-19T12:49:50","guid":{"rendered":"http:\/\/www.timowieczorek.de\/wpsfr\/?page_id=9"},"modified":"2018-02-21T13:31:22","modified_gmt":"2018-02-21T13:31:22","slug":"ziel-und-zweck","status":"publish","type":"page","link":"https:\/\/schachfreunde-riedlingen.de\/?page_id=9","title":{"rendered":"Ziel und Zweck"},"content":{"rendered":"<p>Die Schachfreunde Riedlingen erm\u00f6glichen jedem &#8211; ob Jung oder Alt &#8211; das Schachspiel zu erlernen.<\/p>\n<p>Schach eignet sich in hervorragender Weise zur Entwicklung kognitiver F\u00e4higkeiten. Hierbei steht\u00a0das r\u00e4umliche, das systematische und das prinzipielle Denken im Vordergrund. Neben analytischer\u00a0Denkschulung f\u00f6rdert es vernetztes Denken, die Bew\u00e4ltigung komplexer Sachverhalte, Organisationsf\u00e4higkeit,\u00a0abw\u00e4gendes Urteilen und begr\u00fcndetes Entscheiden.<\/p>\n<p>Probleme zu l\u00f6sen wird in\u00a0unserer Gesellschaft immer wichtiger, weil in den unterschiedlichsten Bereichen progressiv mehr\u00a0Probleme entstehen. Schach ist eine der wenigen Dom\u00e4nen, in denen vor allem Jugendliche ihre\u00a0Probleml\u00f6sungskompetenz systematisch erarbeiten und erweitern k\u00f6nnen.<\/p>\n","protected":false},"excerpt":{"rendered":"<p>Die Schachfreunde Riedlingen erm\u00f6glichen jedem &#8211; ob Jung oder Alt &#8211; das Schachspiel zu erlernen. Schach eignet sich in hervorragender Weise zur Entwicklung kognitiver F\u00e4higkeiten. Hierbei steht\u00a0das r\u00e4umliche, das systematische und das prinzipielle Denken im Vordergrund. Neben analytischer\u00a0Denkschulung f\u00f6rdert es vernetztes Denken, die Bew\u00e4ltigung komplexer Sachverhalte, Organisationsf\u00e4higkeit,\u00a0abw\u00e4gendes Urteilen und begr\u00fcndetes Entscheiden. Probleme zu l\u00f6sen wird&#8230;<\/p>\n","protected":false},"author":13,"featured_media":0,"parent":162,"menu_order":25,"comment_status":"closed","ping_status":"closed","template":"","meta":{"_kad_post_transparent":"","_kad_post_title":"","_kad_post_layout":"","_kad_post_sidebar_id":"","_kad_post_content_style":"","_kad_post_vertical_padding":"","_kad_post_feature":"","_kad_post_feature_position":"","_kad_post_header":false,"_kad_post_footer":false,"_mc_calendar":[],"footnotes":""},"class_list":["post-9","page","type-page","status-publish","hentry"],"_links":{"self":[{"href":"https:\/\/schachfreunde-riedlingen.de\/index.php?rest_route=\/wp\/v2\/pages\/9","targetHints":{"allow":["GET"]}}],"collection":[{"href":"https:\/\/schachfreunde-riedlingen.de\/index.php?rest_route=\/wp\/v2\/pages"}],"about":[{"href":"https:\/\/schachfreunde-riedlingen.de\/index.php?rest_route=\/wp\/v2\/types\/page"}],"author":[{"embeddable":true,"href":"https:\/\/schachfreunde-riedlingen.de\/index.php?rest_route=\/wp\/v2\/users\/13"}],"replies":[{"embeddable":true,"href":"https:\/\/schachfreunde-riedlingen.de\/index.php?rest_route=%2Fwp%2Fv2%2Fcomments&post=9"}],"version-history":[{"count":11,"href":"https:\/\/schachfreunde-riedlingen.de\/index.php?rest_route=\/wp\/v2\/pages\/9\/revisions"}],"predecessor-version":[{"id":1861,"href":"https:\/\/schachfreunde-riedlingen.de\/index.php?rest_route=\/wp\/v2\/pages\/9\/revisions\/1861"}],"up":[{"embeddable":true,"href":"https:\/\/schachfreunde-riedlingen.de\/index.php?rest_route=\/wp\/v2\/pages\/162"}],"wp:attachment":[{"href":"https:\/\/schachfreunde-riedlingen.de\/index.php?rest_route=%2Fwp%2Fv2%2Fmedia&parent=9"}],"curies":[{"name":"wp","href":"https:\/\/api.w.org\/{rel}","templated":true}]}}