{"id":8,"date":"2010-01-19T12:49:22","date_gmt":"2010-01-19T12:49:22","guid":{"rendered":"http:\/\/www.timowieczorek.de\/wpsfr\/?page_id=7"},"modified":"2018-02-21T13:32:07","modified_gmt":"2018-02-21T13:32:07","slug":"vereinsgeschichte","status":"publish","type":"page","link":"https:\/\/schachfreunde-riedlingen.de\/?page_id=8","title":{"rendered":"Vereinsgeschichte"},"content":{"rendered":"<p>Die Schachfreunde Riedlingen wurden 1950 gegr\u00fcndet und 1986 ins Vereinsregister eingetragen.<\/p>\n<p>In der Fr\u00fchzeit nannte sich der Verein &#8222;Schachfreunde Riedlingen und Umgebung&#8220;.<br \/>\nIn der sp\u00e4teren Zeit bis auch heute kommen die Mitglieder aus der ganzen Region Riedlingens.<\/p>\n<p>Der Verein z\u00e4hlt heute fast 50 Mitglieder, darunter knapp ein Drittel Jugendliche.<\/p>\n<p>Spielort ist in der Jugendmusikschule in Riedlingen.<\/p>\n","protected":false},"excerpt":{"rendered":"<p>Die Schachfreunde Riedlingen wurden 1950 gegr\u00fcndet und 1986 ins Vereinsregister eingetragen. In der Fr\u00fchzeit nannte sich der Verein &#8222;Schachfreunde Riedlingen und Umgebung&#8220;. In der sp\u00e4teren Zeit bis auch heute kommen die Mitglieder aus der ganzen Region Riedlingens. Der Verein z\u00e4hlt heute fast 50 Mitglieder, darunter knapp ein Drittel Jugendliche. Spielort ist in der Jugendmusikschule in&#8230;<\/p>\n","protected":false},"author":13,"featured_media":0,"parent":162,"menu_order":30,"comment_status":"closed","ping_status":"closed","template":"","meta":{"_kad_post_transparent":"","_kad_post_title":"","_kad_post_layout":"","_kad_post_sidebar_id":"","_kad_post_content_style":"","_kad_post_vertical_padding":"","_kad_post_feature":"","_kad_post_feature_position":"","_kad_post_header":false,"_kad_post_footer":false,"_mc_calendar":[],"footnotes":""},"class_list":["post-8","page","type-page","status-publish","hentry"],"_links":{"self":[{"href":"https:\/\/schachfreunde-riedlingen.de\/index.php?rest_route=\/wp\/v2\/pages\/8","targetHints":{"allow":["GET"]}}],"collection":[{"href":"https:\/\/schachfreunde-riedlingen.de\/index.php?rest_route=\/wp\/v2\/pages"}],"about":[{"href":"https:\/\/schachfreunde-riedlingen.de\/index.php?rest_route=\/wp\/v2\/types\/page"}],"author":[{"embeddable":true,"href":"https:\/\/schachfreunde-riedlingen.de\/index.php?rest_route=\/wp\/v2\/users\/13"}],"replies":[{"embeddable":true,"href":"https:\/\/schachfreunde-riedlingen.de\/index.php?rest_route=%2Fwp%2Fv2%2Fcomments&post=8"}],"version-history":[{"count":10,"href":"https:\/\/schachfreunde-riedlingen.de\/index.php?rest_route=\/wp\/v2\/pages\/8\/revisions"}],"predecessor-version":[{"id":1017,"href":"https:\/\/schachfreunde-riedlingen.de\/index.php?rest_route=\/wp\/v2\/pages\/8\/revisions\/1017"}],"up":[{"embeddable":true,"href":"https:\/\/schachfreunde-riedlingen.de\/index.php?rest_route=\/wp\/v2\/pages\/162"}],"wp:attachment":[{"href":"https:\/\/schachfreunde-riedlingen.de\/index.php?rest_route=%2Fwp%2Fv2%2Fmedia&parent=8"}],"curies":[{"name":"wp","href":"https:\/\/api.w.org\/{rel}","templated":true}]}}