{"id":4693,"date":"2025-09-23T22:02:56","date_gmt":"2025-09-23T20:02:56","guid":{"rendered":"https:\/\/schachfreunde-riedlingen.de\/?page_id=4693"},"modified":"2025-11-09T21:43:26","modified_gmt":"2025-11-09T20:43:26","slug":"osem","status":"publish","type":"page","link":"https:\/\/schachfreunde-riedlingen.de\/?page_id=4693","title":{"rendered":"OSEM &#8211; Anmeldung"},"content":{"rendered":"<div class=\"forminator-ui forminator-custom-form forminator-custom-form-4705 forminator-design--default  forminator_ajax\" data-forminator-render=\"0\" data-form=\"forminator-module-4705\" data-uid=\"69edcffed2c23\"><br\/><\/div><form\n\t\t\t\tid=\"forminator-module-4705\"\n\t\t\t\tclass=\"forminator-ui forminator-custom-form forminator-custom-form-4705 forminator-design--default  forminator_ajax\"\n\t\t\t\tmethod=\"post\"\n\t\t\t\tdata-forminator-render=\"0\"\n\t\t\t\tdata-form-id=\"4705\"\n\t\t\t\t\n\t\t\t\tdata-design=\"default\"\n\t\t\t\tdata-color-option=\"theme\"\n\t\t\t\t\n\t\t\t\t\n\t\t\t\t\n\t\t\t\tdata-grid=\"open\"\n\t\t\t\t\n\t\t\t\t\n\t\t\t\tstyle=\"display: none;\"\n\t\t\t\t\n\t\t\t\tdata-uid=\"69edcffed2c23\"\n\t\t\t><div role=\"alert\" aria-live=\"polite\" class=\"forminator-response-message forminator-error\" aria-hidden=\"true\"><\/div><div class=\"forminator-row\"><div id=\"name-1\" class=\"forminator-field-name forminator-col forminator-col-6 \"><div class=\"forminator-field\"><label for=\"forminator-field-name-1_69edcffed2c23\" id=\"forminator-field-name-1_69edcffed2c23-label\" class=\"forminator-label\">Vorname <span class=\"forminator-required\">*<\/span><\/label><input type=\"text\" name=\"name-1\" value=\"\" placeholder=\"\" id=\"forminator-field-name-1_69edcffed2c23\" class=\"forminator-input forminator-name--field\" aria-required=\"true\" \/><\/div><\/div><div id=\"name-2\" class=\"forminator-field-name forminator-col forminator-col-6 \"><div class=\"forminator-field\"><label for=\"forminator-field-name-2_69edcffed2c23\" id=\"forminator-field-name-2_69edcffed2c23-label\" class=\"forminator-label\">Nachname <span class=\"forminator-required\">*<\/span><\/label><input type=\"text\" name=\"name-2\" value=\"\" placeholder=\"\" id=\"forminator-field-name-2_69edcffed2c23\" class=\"forminator-input forminator-name--field\" aria-required=\"true\" \/><\/div><\/div><\/div><div class=\"forminator-row\"><div id=\"name-3\" class=\"forminator-field-name forminator-col forminator-col-12 \"><div class=\"forminator-field\"><label for=\"forminator-field-name-3_69edcffed2c23\" id=\"forminator-field-name-3_69edcffed2c23-label\" class=\"forminator-label\">Verein <span class=\"forminator-required\">*<\/span><\/label><input type=\"text\" name=\"name-3\" value=\"\" placeholder=\"\" id=\"forminator-field-name-3_69edcffed2c23\" class=\"forminator-input forminator-name--field\" aria-required=\"true\" \/><\/div><\/div><\/div><div class=\"forminator-row\"><div id=\"number-1\" class=\"forminator-field-number forminator-col forminator-col-6 \"><div class=\"forminator-field\"><label for=\"forminator-field-number-1_69edcffed2c23\" id=\"forminator-field-number-1_69edcffed2c23-label\" class=\"forminator-label\">Geburtsjahr <span class=\"forminator-required\">*<\/span><\/label><input name=\"number-1\" value=\"\" placeholder=\"jjjj\" id=\"forminator-field-number-1_69edcffed2c23\" class=\"forminator-input forminator-number--field\" inputmode=\"decimal\" data-required=\"1\" data-decimals=\"0\" aria-required=\"true\" data-inputmask=\"&#039;groupSeparator&#039;: &#039;&#039;, &#039;radixPoint&#039;: &#039;&#039;, &#039;digits&#039;: &#039;0&#039;\" data-hidden-behavior=\"zero\" type=\"number\" step=\"any\" min=\"1900\" max=\"2025\" \/><\/div><\/div><div id=\"email-1\" class=\"forminator-field-email forminator-col forminator-col-6 \"><div class=\"forminator-field\"><label for=\"forminator-field-email-1_69edcffed2c23\" id=\"forminator-field-email-1_69edcffed2c23-label\" class=\"forminator-label\">E-Mail-Adresse<\/label><input type=\"email\" name=\"email-1\" value=\"\" placeholder=\"\" id=\"forminator-field-email-1_69edcffed2c23\" class=\"forminator-input forminator-email--field\" data-required=\"\" aria-required=\"false\" \/><\/div><\/div><\/div><div class=\"forminator-row\"><div id=\"textarea-1\" class=\"forminator-field-textarea forminator-col forminator-col-12 \"><div class=\"forminator-field\"><label for=\"forminator-field-textarea-1_69edcffed2c23\" id=\"forminator-field-textarea-1_69edcffed2c23-label\" class=\"forminator-label\">Nachricht<\/label><span id=\"forminator-field-textarea-1_69edcffed2c23-description\" class=\"forminator-description\"><span data-limit=\"180\" data-type=\"characters\" data-editor=\"\">0 \/ 180<\/span><\/span><textarea name=\"textarea-1\" placeholder=\"\" id=\"forminator-field-textarea-1_69edcffed2c23\" class=\"forminator-textarea\" rows=\"6\" style=\"min-height:140px;\" maxlength=\"180\" ><\/textarea><\/div><\/div><\/div><input type=\"hidden\" name=\"referer_url\" value=\"\" \/><div class=\"forminator-row forminator-row-last\"><div class=\"forminator-col\"><div class=\"forminator-field\"><button class=\"forminator-button forminator-button-submit\">Absenden<\/button><\/div><\/div><\/div><input type=\"hidden\" id=\"forminator_nonce\" name=\"forminator_nonce\" value=\"3e69aab323\" \/><input type=\"hidden\" name=\"_wp_http_referer\" value=\"\/index.php?rest_route=%2Fwp%2Fv2%2Fpages%2F4693\" \/><input type=\"hidden\" name=\"form_id\" value=\"4705\"><input type=\"hidden\" name=\"page_id\" value=\"4693\"><input type=\"hidden\" name=\"form_type\" value=\"default\"><input type=\"hidden\" name=\"current_url\" value=\"https:\/\/schachfreunde-riedlingen.de\/?page_id=4693\"><input type=\"hidden\" name=\"render_id\" value=\"0\"><input type=\"hidden\" name=\"action\" value=\"forminator_submit_form_custom-forms\"><label for=\"input_7\" class=\"forminator-hidden\" aria-hidden=\"true\">Bitte f\u00fclle dieses Feld nicht aus. <input id=\"input_7\" type=\"text\" name=\"input_7\" value=\"\" autocomplete=\"off\"><\/label><\/form>\n\n\n<p>Die Anmeldung ist g\u00fcltig nach Entrichten der Startgeb\u00fchr durch Barzahlung am Turniertag, oder \u00dcberweisung bis sp\u00e4testens 28.05. auf folgendes Konto:<br \/>IBAN:\u00a0 \u00a0DE49 6509 3020 0826 8620 04<br \/>BIC:\u00a0 \u00a0GENODES1SLG<\/p>\n\n\n\n","protected":false},"excerpt":{"rendered":"<p>Die Anmeldung ist g\u00fcltig nach Entrichten der Startgeb\u00fchr durch Barzahlung am Turniertag, oder \u00dcberweisung bis sp\u00e4testens 28.05. auf folgendes Konto:IBAN:\u00a0 \u00a0DE49 6509 3020 0826 8620 04BIC:\u00a0 \u00a0GENODES1SLG<\/p>\n","protected":false},"author":13,"featured_media":0,"parent":0,"menu_order":0,"comment_status":"closed","ping_status":"closed","template":"","meta":{"_kad_post_transparent":"","_kad_post_title":"","_kad_post_layout":"","_kad_post_sidebar_id":"","_kad_post_content_style":"","_kad_post_vertical_padding":"","_kad_post_feature":"","_kad_post_feature_position":"","_kad_post_header":false,"_kad_post_footer":false,"_mc_calendar":[],"footnotes":""},"class_list":["post-4693","page","type-page","status-publish","hentry"],"_links":{"self":[{"href":"https:\/\/schachfreunde-riedlingen.de\/index.php?rest_route=\/wp\/v2\/pages\/4693","targetHints":{"allow":["GET"]}}],"collection":[{"href":"https:\/\/schachfreunde-riedlingen.de\/index.php?rest_route=\/wp\/v2\/pages"}],"about":[{"href":"https:\/\/schachfreunde-riedlingen.de\/index.php?rest_route=\/wp\/v2\/types\/page"}],"author":[{"embeddable":true,"href":"https:\/\/schachfreunde-riedlingen.de\/index.php?rest_route=\/wp\/v2\/users\/13"}],"replies":[{"embeddable":true,"href":"https:\/\/schachfreunde-riedlingen.de\/index.php?rest_route=%2Fwp%2Fv2%2Fcomments&post=4693"}],"version-history":[{"count":13,"href":"https:\/\/schachfreunde-riedlingen.de\/index.php?rest_route=\/wp\/v2\/pages\/4693\/revisions"}],"predecessor-version":[{"id":4738,"href":"https:\/\/schachfreunde-riedlingen.de\/index.php?rest_route=\/wp\/v2\/pages\/4693\/revisions\/4738"}],"wp:attachment":[{"href":"https:\/\/schachfreunde-riedlingen.de\/index.php?rest_route=%2Fwp%2Fv2%2Fmedia&parent=4693"}],"curies":[{"name":"wp","href":"https:\/\/api.w.org\/{rel}","templated":true}]}}