{"id":419,"date":"2013-04-06T14:11:11","date_gmt":"2013-04-06T14:11:11","guid":{"rendered":"http:\/\/www.riedlingen.schachvereine.de\/"},"modified":"2025-12-30T09:40:02","modified_gmt":"2025-12-30T08:40:02","slug":"spende","status":"publish","type":"page","link":"https:\/\/schachfreunde-riedlingen.de\/?page_id=419","title":{"rendered":"Spende"},"content":{"rendered":"<p>Liebe G\u00f6nner der Schachfreunde Riedlingen e. V.<\/p>\n<p>Wir freuen uns sehr \u00fcber finanzielle Unterst\u00fctzung (z. B. f\u00fcr unsere Jugendarbeit).<\/p>\n<p>Wir sind wegen der F\u00f6rderung des Schachsports, nach dem letzten uns zugegangenen Freistellungsbescheid des Finanzamtes Riedlingen nach \u00a75 Abs. 1 Nr. 9 des K\u00f6rperschaftsteuergesetzes von der K\u00f6rperschaftsteuer befreit.<br \/>Gerne erhalten Sie deshalb von uns eine Zuwendungsbest\u00e4tigung im Sinne des \u00a710 b des Einkommensteuergesetzes.<\/p>\n<p><strong>Unsere Bankverbindungen:<br \/><\/strong>IBAN: DE31 6545 0070 0000 4294 61,\u00a0 BIC: SBCRDE66XXX,\u00a0 Kreissparkasse Biberach<br \/>IBAN: DE49 6509 3020 0826 8620 04,\u00a0 BIC: GENODES1SLG,\u00a0 VR Bank Donau-Oberschwaben<\/p>\n\n\n<div data-wp-interactive=\"core\/file\" class=\"wp-block-file\"><object data-wp-bind--hidden=\"!state.hasPdfPreview\" hidden class=\"wp-block-file__embed\" data=\"https:\/\/schachfreunde-riedlingen.de\/wp-content\/uploads\/2025\/12\/2025_Spendenerklaerung.pdf\" type=\"application\/pdf\" style=\"width:100%;height:550px\" aria-label=\"Einbettung von 2025_Spendenerkl\u00e4rung.\"><\/object><a id=\"wp-block-file--media-0f49a828-6583-41d1-9510-b97ce2b02787\" href=\"https:\/\/schachfreunde-riedlingen.de\/wp-content\/uploads\/2025\/12\/2025_Spendenerklaerung.pdf\">2025_Spendenerkl\u00e4rung<\/a><\/div>\n","protected":false},"excerpt":{"rendered":"<p>Liebe G\u00f6nner der Schachfreunde Riedlingen e. V. Wir freuen uns sehr \u00fcber finanzielle Unterst\u00fctzung (z. B. f\u00fcr unsere Jugendarbeit). Wir sind wegen der F\u00f6rderung des Schachsports, nach dem letzten uns zugegangenen Freistellungsbescheid des Finanzamtes Riedlingen nach \u00a75 Abs. 1 Nr. 9 des K\u00f6rperschaftsteuergesetzes von der K\u00f6rperschaftsteuer befreit.Gerne erhalten Sie deshalb von uns eine Zuwendungsbest\u00e4tigung im&#8230;<\/p>\n","protected":false},"author":13,"featured_media":0,"parent":0,"menu_order":68,"comment_status":"closed","ping_status":"closed","template":"","meta":{"_kad_post_transparent":"","_kad_post_title":"","_kad_post_layout":"","_kad_post_sidebar_id":"","_kad_post_content_style":"","_kad_post_vertical_padding":"","_kad_post_feature":"","_kad_post_feature_position":"","_kad_post_header":false,"_kad_post_footer":false,"_mc_calendar":[],"footnotes":""},"class_list":["post-419","page","type-page","status-publish","hentry"],"_links":{"self":[{"href":"https:\/\/schachfreunde-riedlingen.de\/index.php?rest_route=\/wp\/v2\/pages\/419","targetHints":{"allow":["GET"]}}],"collection":[{"href":"https:\/\/schachfreunde-riedlingen.de\/index.php?rest_route=\/wp\/v2\/pages"}],"about":[{"href":"https:\/\/schachfreunde-riedlingen.de\/index.php?rest_route=\/wp\/v2\/types\/page"}],"author":[{"embeddable":true,"href":"https:\/\/schachfreunde-riedlingen.de\/index.php?rest_route=\/wp\/v2\/users\/13"}],"replies":[{"embeddable":true,"href":"https:\/\/schachfreunde-riedlingen.de\/index.php?rest_route=%2Fwp%2Fv2%2Fcomments&post=419"}],"version-history":[{"count":42,"href":"https:\/\/schachfreunde-riedlingen.de\/index.php?rest_route=\/wp\/v2\/pages\/419\/revisions"}],"predecessor-version":[{"id":4791,"href":"https:\/\/schachfreunde-riedlingen.de\/index.php?rest_route=\/wp\/v2\/pages\/419\/revisions\/4791"}],"wp:attachment":[{"href":"https:\/\/schachfreunde-riedlingen.de\/index.php?rest_route=%2Fwp%2Fv2%2Fmedia&parent=419"}],"curies":[{"name":"wp","href":"https:\/\/api.w.org\/{rel}","templated":true}]}}