{"id":191,"date":"2012-08-10T20:41:57","date_gmt":"2012-08-10T20:41:57","guid":{"rendered":"http:\/\/www.riedlingen.schachvereine.de\/"},"modified":"2025-09-13T22:17:16","modified_gmt":"2025-09-13T20:17:16","slug":"2-mannschaft","status":"publish","type":"page","link":"https:\/\/schachfreunde-riedlingen.de\/?page_id=191","title":{"rendered":"2. Mannschaft"},"content":{"rendered":"\n<p><a href=\"https:\/\/svw-schach.liga.nu\/cgi-bin\/WebObjects\/nuLigaSCHACHDE.woa\/wa\/groupPage?championship=Oberschwaben+25%2F26&amp;group=4184\">Tabelle, Einzelergebnisse, etc.<\/a><\/p>\n\n\n<ul class=\"wp-block-latest-posts__list has-dates wp-block-latest-posts\"><li><div class=\"wp-block-latest-posts__featured-image alignleft\"><img loading=\"lazy\" decoding=\"async\" width=\"225\" height=\"300\" src=\"https:\/\/schachfreunde-riedlingen.de\/wp-content\/uploads\/2025\/02\/Leipheim_2-225x300.jpg\" class=\"attachment-medium size-medium wp-post-image\" alt=\"\" style=\"max-width:225px;max-height:225px;\" srcset=\"https:\/\/schachfreunde-riedlingen.de\/wp-content\/uploads\/2025\/02\/Leipheim_2-225x300.jpg 225w, https:\/\/schachfreunde-riedlingen.de\/wp-content\/uploads\/2025\/02\/Leipheim_2-773x1030.jpg 773w, https:\/\/schachfreunde-riedlingen.de\/wp-content\/uploads\/2025\/02\/Leipheim_2-768x1024.jpg 768w, https:\/\/schachfreunde-riedlingen.de\/wp-content\/uploads\/2025\/02\/Leipheim_2-1152x1536.jpg 1152w, https:\/\/schachfreunde-riedlingen.de\/wp-content\/uploads\/2025\/02\/Leipheim_2.jpg 1200w\" sizes=\"auto, (max-width: 225px) 100vw, 225px\" \/><\/div><a class=\"wp-block-latest-posts__post-title\" href=\"https:\/\/schachfreunde-riedlingen.de\/?p=3916\">Riedlingen II unterliegt V\u00f6hringen II knapp mit 3:5<\/a><time datetime=\"2025-02-02T20:00:51+01:00\" class=\"wp-block-latest-posts__post-date\">2. Februar 2025<\/time><div class=\"wp-block-latest-posts__post-excerpt\">Riedlingen II k\u00e4mpfte tapfer gegen die favorisierten V\u00f6hringer II und musste sich nach einem spannenden Duell knapp geschlagen geben. Lesen Sie mehr \u00fcber die herausragenden Leistungen und entscheidenden Momente dieses aufregenden Matches.<\/div><\/li>\n<li><div class=\"wp-block-latest-posts__featured-image alignleft\"><img loading=\"lazy\" decoding=\"async\" width=\"300\" height=\"226\" src=\"https:\/\/schachfreunde-riedlingen.de\/wp-content\/uploads\/2018\/04\/SF-Riedlingen-SC-Wei\u00dfe-Dame-Ulm-5-III-2018-300x226.jpg\" class=\"attachment-medium size-medium wp-post-image\" alt=\"\" style=\"max-width:225px;max-height:225px;\" srcset=\"https:\/\/schachfreunde-riedlingen.de\/wp-content\/uploads\/2018\/04\/SF-Riedlingen-SC-Wei\u00dfe-Dame-Ulm-5-III-2018-300x226.jpg 300w, https:\/\/schachfreunde-riedlingen.de\/wp-content\/uploads\/2018\/04\/SF-Riedlingen-SC-Wei\u00dfe-Dame-Ulm-5-III-2018-86x64.jpg 86w, https:\/\/schachfreunde-riedlingen.de\/wp-content\/uploads\/2018\/04\/SF-Riedlingen-SC-Wei\u00dfe-Dame-Ulm-5-III-2018.jpg 443w\" sizes=\"auto, (max-width: 300px) 100vw, 300px\" \/><\/div><a class=\"wp-block-latest-posts__post-title\" href=\"https:\/\/schachfreunde-riedlingen.de\/?p=2981\">Kampf um den Klassenerhalt am letzten Spieltag<\/a><time datetime=\"2018-04-22T09:00:28+02:00\" class=\"wp-block-latest-posts__post-date\">22. April 2018<\/time><div class=\"wp-block-latest-posts__post-excerpt\">Kampf um den Klassenerhalt am letzten Spieltag. Die Riedlinger mit der relativ jungen Mannschaft musste von Anfang an auf Sieg spielen.\r\nNun lag es an Stephan Schneider und Wolfgang Wohlgemuth die Riedlinger zweite vor dem Abstieg zu bewahren.\r\nErhalt durch den Sieg am Spitzenbrett durch Stephan Schneider.<\/div><\/li>\n<li><div class=\"wp-block-latest-posts__featured-image alignleft\"><img loading=\"lazy\" decoding=\"async\" width=\"300\" height=\"295\" src=\"https:\/\/schachfreunde-riedlingen.de\/wp-content\/uploads\/2017\/02\/20170219_101854-1-1-300x295.jpg\" class=\"attachment-medium size-medium wp-post-image\" alt=\"\" style=\"max-width:225px;max-height:225px;\" srcset=\"https:\/\/schachfreunde-riedlingen.de\/wp-content\/uploads\/2017\/02\/20170219_101854-1-1-300x295.jpg 300w, https:\/\/schachfreunde-riedlingen.de\/wp-content\/uploads\/2017\/02\/20170219_101854-1-1-80x80.jpg 80w, https:\/\/schachfreunde-riedlingen.de\/wp-content\/uploads\/2017\/02\/20170219_101854-1-1.jpg 750w\" sizes=\"auto, (max-width: 300px) 100vw, 300px\" \/><\/div><a class=\"wp-block-latest-posts__post-title\" href=\"https:\/\/schachfreunde-riedlingen.de\/?p=1353\">Riedlingens Zweite sichert sich gegen Laichingen 2 endg\u00fcltig den Klassenerhalt und wahrt sogar noch die Minimalchance auf den Aufstieg.<\/a><time datetime=\"2017-02-23T15:08:31+01:00\" class=\"wp-block-latest-posts__post-date\">23. Februar 2017<\/time><div class=\"wp-block-latest-posts__post-excerpt\">Es ging f\u00fcr die Riedlinger gleich gut\u00a0los. Gerrit Steinle an Brett 1 gewann seine Partie kampflos, da die Laichinger nur zu siebt anreisten und das Brett 1 unbesetzt lie\u00dfen. 1-0&#8230;<\/div><\/li>\n<li><div class=\"wp-block-latest-posts__featured-image alignleft\"><img loading=\"lazy\" decoding=\"async\" width=\"300\" height=\"291\" src=\"https:\/\/schachfreunde-riedlingen.de\/wp-content\/uploads\/2017\/01\/24FBAF46-EF6F-4B7F-A748-34FA7F689EB5-1-300x291.jpg\" class=\"attachment-medium size-medium wp-post-image\" alt=\"\" style=\"max-width:225px;max-height:225px;\" srcset=\"https:\/\/schachfreunde-riedlingen.de\/wp-content\/uploads\/2017\/01\/24FBAF46-EF6F-4B7F-A748-34FA7F689EB5-1-300x291.jpg 300w, https:\/\/schachfreunde-riedlingen.de\/wp-content\/uploads\/2017\/01\/24FBAF46-EF6F-4B7F-A748-34FA7F689EB5-1.jpg 750w\" sizes=\"auto, (max-width: 300px) 100vw, 300px\" \/><\/div><a class=\"wp-block-latest-posts__post-title\" href=\"https:\/\/schachfreunde-riedlingen.de\/?p=1311\">Riedlingens Zweite gewinnt sicher gegen Bergh\u00fclen<\/a><time datetime=\"2017-01-16T14:22:39+01:00\" class=\"wp-block-latest-posts__post-date\">16. Januar 2017<\/time><div class=\"wp-block-latest-posts__post-excerpt\">Die Riedlinger mussten am Sonntag bei verschneiten Stra\u00dfen nach Bergh\u00fclen auf die Schw\u00e4bische Alb. Die erschwerte Anfahrt hat sich aber nicht negativ auf die Konzentration ausgewirkt. Sie gewannen das Match&#8230;<\/div><\/li>\n<li><div class=\"wp-block-latest-posts__featured-image alignleft\"><img loading=\"lazy\" decoding=\"async\" width=\"300\" height=\"228\" src=\"https:\/\/schachfreunde-riedlingen.de\/wp-content\/uploads\/2016\/10\/Riedlingen2_231016-1-300x228.jpg\" class=\"attachment-medium size-medium wp-post-image\" alt=\"\" style=\"max-width:225px;max-height:225px;\" srcset=\"https:\/\/schachfreunde-riedlingen.de\/wp-content\/uploads\/2016\/10\/Riedlingen2_231016-1-300x228.jpg 300w, https:\/\/schachfreunde-riedlingen.de\/wp-content\/uploads\/2016\/10\/Riedlingen2_231016-1-86x64.jpg 86w, https:\/\/schachfreunde-riedlingen.de\/wp-content\/uploads\/2016\/10\/Riedlingen2_231016-1.jpg 750w\" sizes=\"auto, (max-width: 300px) 100vw, 300px\" \/><\/div><a class=\"wp-block-latest-posts__post-title\" href=\"https:\/\/schachfreunde-riedlingen.de\/?p=1271\">Riedlingen 2 startet mit Auftaktsieg in die neue Saison<\/a><time datetime=\"2016-10-23T15:53:00+02:00\" class=\"wp-block-latest-posts__post-date\">23. Oktober 2016<\/time><div class=\"wp-block-latest-posts__post-excerpt\">Die zweite Mannschaft der Schachfreunde Riedlingen \u00a0ist dieses Jahr wieder mit 8 Spielern am Start. Zu Beginn ging es gegen die zweite Mannschaft aus Neu-Ulm. An Brett 2 \u00fcbersah Waldemar&#8230;<\/div><\/li>\n<li><div class=\"wp-block-latest-posts__featured-image alignleft\"><img loading=\"lazy\" decoding=\"async\" width=\"300\" height=\"169\" src=\"https:\/\/schachfreunde-riedlingen.de\/wp-content\/uploads\/2016\/01\/k-20160124_114125-300x169.jpg\" class=\"attachment-medium size-medium wp-post-image\" alt=\"\" style=\"max-width:225px;max-height:225px;\" srcset=\"https:\/\/schachfreunde-riedlingen.de\/wp-content\/uploads\/2016\/01\/k-20160124_114125-300x169.jpg 300w, https:\/\/schachfreunde-riedlingen.de\/wp-content\/uploads\/2016\/01\/k-20160124_114125.jpg 640w\" sizes=\"auto, (max-width: 300px) 100vw, 300px\" \/><\/div><a class=\"wp-block-latest-posts__post-title\" href=\"https:\/\/schachfreunde-riedlingen.de\/?p=1203\">Riedlingen 2 erk\u00e4mpft in Ehingen noch ein Unentschieden<\/a><time datetime=\"2016-01-24T16:24:18+01:00\" class=\"wp-block-latest-posts__post-date\">24. Januar 2016<\/time><div class=\"wp-block-latest-posts__post-excerpt\">Als erster beendete Jan Fuchsloch an Brett 6 sein Spiel. Er stellte in ausgeglichener Stellung ohne Not einen L\u00e4ufer ein, danach gab er sofort auf, da seine Bauernstellung aufgrund des&#8230;<\/div><\/li>\n<li><a class=\"wp-block-latest-posts__post-title\" href=\"https:\/\/schachfreunde-riedlingen.de\/?p=1141\">Riedlingens Zweite gewinnt das Aussw\u00e4rtsspiel gegen Obersulmentingen 4<\/a><time datetime=\"2015-11-29T15:57:14+01:00\" class=\"wp-block-latest-posts__post-date\">29. November 2015<\/time><div class=\"wp-block-latest-posts__post-excerpt\">F\u00fcr Wolfgang Wohlgemuth war es ein ruhiger Sonntag. Er gewann sein Spiel kampflos, da sein Gegner nicht erschienen ist. 0:1. Rolf App erwischte leider keinen guten Tag. Im Mittelspiel war&#8230;<\/div><\/li>\n<li><a class=\"wp-block-latest-posts__post-title\" href=\"https:\/\/schachfreunde-riedlingen.de\/?p=1125\">Riedlingens Zweite bezwingt den Tabellenf\u00fchrer<\/a><time datetime=\"2015-10-25T15:01:10+01:00\" class=\"wp-block-latest-posts__post-date\">25. Oktober 2015<\/time><div class=\"wp-block-latest-posts__post-excerpt\">Nachdem die Riedlinger in der ersten Runde nach einer 2,5 zu 0,5 F\u00fchrung schlie\u00dflich doch noch verloren, wollten sie heute gegen den Tabellenf\u00fchrer Westerstetten etwas gut machen. An Brett 6&#8230;<\/div><\/li>\n<li><a class=\"wp-block-latest-posts__post-title\" href=\"https:\/\/schachfreunde-riedlingen.de\/?p=1119\">Riedlingens zweite Mannschaft startet mit einer knappen Niederlage gegen Jedesheim in die neue Saison<\/a><time datetime=\"2015-09-27T16:20:54+02:00\" class=\"wp-block-latest-posts__post-date\">27. September 2015<\/time><div class=\"wp-block-latest-posts__post-excerpt\">Rolf App am zweiten Brett bringt die Riedlinger gegen DWZ 1314 mit einem Grundlinienmatt durch seine Dame mit 0:1 in F\u00fchrung. Gerrit Steinle konnte an Brett 1 gegen DWZ 1329&#8230;<\/div><\/li>\n<li><a class=\"wp-block-latest-posts__post-title\" href=\"https:\/\/schachfreunde-riedlingen.de\/?p=769\">Schachfreunde Riedlingen 2 spielen unentschieden gegen Westerstetten<\/a><time datetime=\"2014-02-16T13:22:14+01:00\" class=\"wp-block-latest-posts__post-date\">16. Februar 2014<\/time><div class=\"wp-block-latest-posts__post-excerpt\">Bei ihrem Heimspiel gegen den direkten Tabellennachbarn Westerstetten erzielte die 2. Mannschaft ein gerechtes Unentschieden. Martin Fuchsloch hatte schon fr\u00fch einen Mittelbauern verloren, dadurch kam er so stark unter Druck,&#8230;<\/div><\/li>\n<\/ul>","protected":false},"excerpt":{"rendered":"<p>Tabelle, Einzelergebnisse, etc.<\/p>\n","protected":false},"author":13,"featured_media":0,"parent":158,"menu_order":20,"comment_status":"closed","ping_status":"closed","template":"","meta":{"_kad_post_transparent":"","_kad_post_title":"","_kad_post_layout":"","_kad_post_sidebar_id":"","_kad_post_content_style":"","_kad_post_vertical_padding":"","_kad_post_feature":"","_kad_post_feature_position":"","_kad_post_header":false,"_kad_post_footer":false,"_mc_calendar":[],"footnotes":""},"class_list":["post-191","page","type-page","status-publish","hentry"],"_links":{"self":[{"href":"https:\/\/schachfreunde-riedlingen.de\/index.php?rest_route=\/wp\/v2\/pages\/191","targetHints":{"allow":["GET"]}}],"collection":[{"href":"https:\/\/schachfreunde-riedlingen.de\/index.php?rest_route=\/wp\/v2\/pages"}],"about":[{"href":"https:\/\/schachfreunde-riedlingen.de\/index.php?rest_route=\/wp\/v2\/types\/page"}],"author":[{"embeddable":true,"href":"https:\/\/schachfreunde-riedlingen.de\/index.php?rest_route=\/wp\/v2\/users\/13"}],"replies":[{"embeddable":true,"href":"https:\/\/schachfreunde-riedlingen.de\/index.php?rest_route=%2Fwp%2Fv2%2Fcomments&post=191"}],"version-history":[{"count":30,"href":"https:\/\/schachfreunde-riedlingen.de\/index.php?rest_route=\/wp\/v2\/pages\/191\/revisions"}],"predecessor-version":[{"id":4609,"href":"https:\/\/schachfreunde-riedlingen.de\/index.php?rest_route=\/wp\/v2\/pages\/191\/revisions\/4609"}],"up":[{"embeddable":true,"href":"https:\/\/schachfreunde-riedlingen.de\/index.php?rest_route=\/wp\/v2\/pages\/158"}],"wp:attachment":[{"href":"https:\/\/schachfreunde-riedlingen.de\/index.php?rest_route=%2Fwp%2Fv2%2Fmedia&parent=191"}],"curies":[{"name":"wp","href":"https:\/\/api.w.org\/{rel}","templated":true}]}}