{"id":189,"date":"2012-08-10T20:41:42","date_gmt":"2012-08-10T20:41:42","guid":{"rendered":"http:\/\/www.riedlingen.schachvereine.de\/"},"modified":"2025-09-13T22:16:30","modified_gmt":"2025-09-13T20:16:30","slug":"1-mannschaft","status":"publish","type":"page","link":"https:\/\/schachfreunde-riedlingen.de\/?page_id=189","title":{"rendered":"1. Mannschaft"},"content":{"rendered":"\n<p><a class=\"btn btn-default btn-md\" href=\"https:\/\/svw-schach.liga.nu\/cgi-bin\/WebObjects\/nuLigaSCHACHDE.woa\/wa\/groupPage?championship=Oberschwaben+25%2F26&amp;group=4178\">Tabelle, Einzelergebnisse, etc.<\/a><\/p>\n\n\n\n<div class=\"wp-block-group is-layout-constrained wp-block-group-is-layout-constrained\"><ul class=\"wp-block-latest-posts__list has-dates wp-block-latest-posts\"><li><div class=\"wp-block-latest-posts__featured-image alignleft\"><img loading=\"lazy\" decoding=\"async\" width=\"300\" height=\"225\" src=\"https:\/\/schachfreunde-riedlingen.de\/wp-content\/uploads\/2024\/10\/Leipheim_3-300x225.jpg\" class=\"attachment-medium size-medium wp-post-image\" alt=\"\" style=\"max-width:225px;max-height:225px;\" srcset=\"https:\/\/schachfreunde-riedlingen.de\/wp-content\/uploads\/2024\/10\/Leipheim_3-300x225.jpg 300w, https:\/\/schachfreunde-riedlingen.de\/wp-content\/uploads\/2024\/10\/Leipheim_3-1030x773.jpg 1030w, https:\/\/schachfreunde-riedlingen.de\/wp-content\/uploads\/2024\/10\/Leipheim_3-768x576.jpg 768w, https:\/\/schachfreunde-riedlingen.de\/wp-content\/uploads\/2024\/10\/Leipheim_3-1536x1152.jpg 1536w, https:\/\/schachfreunde-riedlingen.de\/wp-content\/uploads\/2024\/10\/Leipheim_3-2048x1536.jpg 2048w, https:\/\/schachfreunde-riedlingen.de\/wp-content\/uploads\/2024\/10\/Leipheim_3-86x64.jpg 86w\" sizes=\"auto, (max-width: 300px) 100vw, 300px\" \/><\/div><a class=\"wp-block-latest-posts__post-title\" href=\"https:\/\/schachfreunde-riedlingen.de\/?p=3891\">SF Riedlingen 1 gewinnt gegen VfL Leipheim 3<\/a><time datetime=\"2024-10-13T20:00:05+02:00\" class=\"wp-block-latest-posts__post-date\">13. Oktober 2024<\/time><div class=\"wp-block-latest-posts__post-excerpt\">Fr\u00fch geriet Hassan Hafes mit Schwarz in einem Morra-Gambit in eine brenzlige Situation, in der er nicht mehr alle taktischen Drohungen von Daniel Biedenbach abwehren konnte. Claudius Ott konnte gegen&#8230;<\/div><\/li>\n<li><div class=\"wp-block-latest-posts__featured-image alignleft\"><img loading=\"lazy\" decoding=\"async\" width=\"300\" height=\"225\" src=\"https:\/\/schachfreunde-riedlingen.de\/wp-content\/uploads\/2024\/10\/Thalfingen_4-300x225.jpg\" class=\"attachment-medium size-medium wp-post-image\" alt=\"\" style=\"max-width:225px;max-height:225px;\" srcset=\"https:\/\/schachfreunde-riedlingen.de\/wp-content\/uploads\/2024\/10\/Thalfingen_4-300x225.jpg 300w, https:\/\/schachfreunde-riedlingen.de\/wp-content\/uploads\/2024\/10\/Thalfingen_4-1030x773.jpg 1030w, https:\/\/schachfreunde-riedlingen.de\/wp-content\/uploads\/2024\/10\/Thalfingen_4-768x576.jpg 768w, https:\/\/schachfreunde-riedlingen.de\/wp-content\/uploads\/2024\/10\/Thalfingen_4-1536x1152.jpg 1536w, https:\/\/schachfreunde-riedlingen.de\/wp-content\/uploads\/2024\/10\/Thalfingen_4-86x64.jpg 86w, https:\/\/schachfreunde-riedlingen.de\/wp-content\/uploads\/2024\/10\/Thalfingen_4.jpg 1600w\" sizes=\"auto, (max-width: 300px) 100vw, 300px\" \/><\/div><a class=\"wp-block-latest-posts__post-title\" href=\"https:\/\/schachfreunde-riedlingen.de\/?p=3895\">Riedlingen 1 gewinnt in Thalfingen<\/a><time datetime=\"2024-09-22T20:00:10+02:00\" class=\"wp-block-latest-posts__post-date\">22. September 2024<\/time><div class=\"wp-block-latest-posts__post-excerpt\">Mahmoud Zyadah er\u00f6ffnete mit den wei\u00dfen Figuren mit der Ponziani-Er\u00f6ffnung, gekennzeichnet durch die Unterst\u00fctzung des wei\u00dfen Zentrums mit dem c-Bauern Im fr\u00fchen Mittelspiel schlug sein Gegenspieler Gerhard Sp\u00e4th den ungedeckten&#8230;<\/div><\/li>\n<li><a class=\"wp-block-latest-posts__post-title\" href=\"https:\/\/schachfreunde-riedlingen.de\/?p=3651\">Riedlingens Erste erreicht 2,5 Punkte<\/a><time datetime=\"2023-01-15T22:16:33+01:00\" class=\"wp-block-latest-posts__post-date\">15. Januar 2023<\/time><div class=\"wp-block-latest-posts__post-excerpt\">Im Ausw\u00e4rtsspiel der ersten Mannschaft in der Bezirksliga am 15.01.2023 gegen Wei\u00dfe Dame Ulm II siegte die favorisierte Ulmer Mannschaft. Auch wenn die Riedlinger l\u00e4ngere Zeit mithalten konnten, so mussten&#8230;<\/div><\/li>\n<\/ul><\/div>\n","protected":false},"excerpt":{"rendered":"<p>Tabelle, Einzelergebnisse, etc.<\/p>\n","protected":false},"author":13,"featured_media":0,"parent":158,"menu_order":10,"comment_status":"closed","ping_status":"closed","template":"","meta":{"_kad_post_transparent":"","_kad_post_title":"","_kad_post_layout":"","_kad_post_sidebar_id":"","_kad_post_content_style":"","_kad_post_vertical_padding":"","_kad_post_feature":"","_kad_post_feature_position":"","_kad_post_header":false,"_kad_post_footer":false,"_mc_calendar":[],"footnotes":""},"class_list":["post-189","page","type-page","status-publish","hentry"],"_links":{"self":[{"href":"https:\/\/schachfreunde-riedlingen.de\/index.php?rest_route=\/wp\/v2\/pages\/189","targetHints":{"allow":["GET"]}}],"collection":[{"href":"https:\/\/schachfreunde-riedlingen.de\/index.php?rest_route=\/wp\/v2\/pages"}],"about":[{"href":"https:\/\/schachfreunde-riedlingen.de\/index.php?rest_route=\/wp\/v2\/types\/page"}],"author":[{"embeddable":true,"href":"https:\/\/schachfreunde-riedlingen.de\/index.php?rest_route=\/wp\/v2\/users\/13"}],"replies":[{"embeddable":true,"href":"https:\/\/schachfreunde-riedlingen.de\/index.php?rest_route=%2Fwp%2Fv2%2Fcomments&post=189"}],"version-history":[{"count":41,"href":"https:\/\/schachfreunde-riedlingen.de\/index.php?rest_route=\/wp\/v2\/pages\/189\/revisions"}],"predecessor-version":[{"id":4608,"href":"https:\/\/schachfreunde-riedlingen.de\/index.php?rest_route=\/wp\/v2\/pages\/189\/revisions\/4608"}],"up":[{"embeddable":true,"href":"https:\/\/schachfreunde-riedlingen.de\/index.php?rest_route=\/wp\/v2\/pages\/158"}],"wp:attachment":[{"href":"https:\/\/schachfreunde-riedlingen.de\/index.php?rest_route=%2Fwp%2Fv2%2Fmedia&parent=189"}],"curies":[{"name":"wp","href":"https:\/\/api.w.org\/{rel}","templated":true}]}}