{"id":155,"date":"2012-08-10T20:06:37","date_gmt":"2012-08-10T20:06:37","guid":{"rendered":"http:\/\/www.riedlingen.schachvereine.de\/"},"modified":"2026-03-14T11:23:43","modified_gmt":"2026-03-14T10:23:43","slug":"ranglistenturnier","status":"publish","type":"page","link":"https:\/\/schachfreunde-riedlingen.de\/?page_id=155","title":{"rendered":"Riedlinger Vereinsblitzmeisterschaft"},"content":{"rendered":"<p>Bei der Riedlinger Vereinsblitzmeisterschaft wird jeden ersten Freitag im Monat eine Runde gespielt, beginnend im September zum Saisonbeginn. Von den 12 Turnierrunden werden die besten 11 Ergebnisse gewertet.<\/p>\n<p>Der Spielmodus ist ein Rundenturnier (jeder gegen jeden) mit 2 x 5 Minuten Bedenkzeit. Bei gr\u00f6\u00dferer Teilnehmerzahl ist auch &#8222;Schweizer System&#8220; m\u00f6glich. Feinwertung ist der direkte Vergleich.<br \/>Punktesystem: 1. Platz = 10 Punkte, 2. Platz = 9 Punkte, 3. Platz = 8 Punkte, &#8230; ab 10. Platz = 1 Punkt<\/p>\n\n\n<figure class=\"wp-block-table is-style-regular\"><table><thead><tr><th class=\"has-text-align-left\" data-align=\"left\">Nr.<\/th><th class=\"has-text-align-left\" data-align=\"left\">Jahr<\/th><th class=\"has-text-align-left\" data-align=\"left\">Punkte<\/th><th class=\"has-text-align-left\" data-align=\"left\">Vereinsblitzmeister<\/th><\/tr><\/thead><tbody><tr><td class=\"has-text-align-left\" data-align=\"left\">2<\/td><td class=\"has-text-align-left\" data-align=\"left\"><a href=\"https:\/\/schachfreunde-riedlingen.de\/wp-content\/uploads\/2026\/03\/T-Vereinsblitzmeisterschaft_2025-2026.pdf\" data-type=\"attachment\" data-id=\"4812\">2025\/2026<\/a><\/td><td class=\"has-text-align-left\" data-align=\"left\"><\/td><td class=\"has-text-align-left\" data-align=\"left\"><\/td><\/tr><tr><td class=\"has-text-align-left\" data-align=\"left\">1<\/td><td class=\"has-text-align-left\" data-align=\"left\"><a href=\"https:\/\/schachfreunde-riedlingen.de\/wp-content\/uploads\/2026\/03\/T-Vereinsblitzmeisterschaft_2024-2025.pdf\" data-type=\"attachment\" data-id=\"4810\">2024\/2025<\/a><\/td><td class=\"has-text-align-left\" data-align=\"left\">98<\/td><td class=\"has-text-align-left\" data-align=\"left\">Julian Kreutzer<\/td><\/tr><\/tbody><\/table><\/figure>\n","protected":false},"excerpt":{"rendered":"<p>Bei der Riedlinger Vereinsblitzmeisterschaft wird jeden ersten Freitag im Monat eine Runde gespielt, beginnend im September zum Saisonbeginn. Von den 12 Turnierrunden werden die besten 11 Ergebnisse gewertet. Der Spielmodus ist ein Rundenturnier (jeder gegen jeden) mit 2 x 5 Minuten Bedenkzeit. Bei gr\u00f6\u00dferer Teilnehmerzahl ist auch &#8222;Schweizer System&#8220; m\u00f6glich. Feinwertung ist der direkte Vergleich.Punktesystem:&#8230;<\/p>\n","protected":false},"author":13,"featured_media":0,"parent":136,"menu_order":100,"comment_status":"closed","ping_status":"closed","template":"","meta":{"_kad_post_transparent":"","_kad_post_title":"","_kad_post_layout":"","_kad_post_sidebar_id":"","_kad_post_content_style":"","_kad_post_vertical_padding":"","_kad_post_feature":"","_kad_post_feature_position":"","_kad_post_header":false,"_kad_post_footer":false,"_mc_calendar":[],"footnotes":""},"class_list":["post-155","page","type-page","status-publish","hentry"],"_links":{"self":[{"href":"https:\/\/schachfreunde-riedlingen.de\/index.php?rest_route=\/wp\/v2\/pages\/155","targetHints":{"allow":["GET"]}}],"collection":[{"href":"https:\/\/schachfreunde-riedlingen.de\/index.php?rest_route=\/wp\/v2\/pages"}],"about":[{"href":"https:\/\/schachfreunde-riedlingen.de\/index.php?rest_route=\/wp\/v2\/types\/page"}],"author":[{"embeddable":true,"href":"https:\/\/schachfreunde-riedlingen.de\/index.php?rest_route=\/wp\/v2\/users\/13"}],"replies":[{"embeddable":true,"href":"https:\/\/schachfreunde-riedlingen.de\/index.php?rest_route=%2Fwp%2Fv2%2Fcomments&post=155"}],"version-history":[{"count":36,"href":"https:\/\/schachfreunde-riedlingen.de\/index.php?rest_route=\/wp\/v2\/pages\/155\/revisions"}],"predecessor-version":[{"id":4814,"href":"https:\/\/schachfreunde-riedlingen.de\/index.php?rest_route=\/wp\/v2\/pages\/155\/revisions\/4814"}],"up":[{"embeddable":true,"href":"https:\/\/schachfreunde-riedlingen.de\/index.php?rest_route=\/wp\/v2\/pages\/136"}],"wp:attachment":[{"href":"https:\/\/schachfreunde-riedlingen.de\/index.php?rest_route=%2Fwp%2Fv2%2Fmedia&parent=155"}],"curies":[{"name":"wp","href":"https:\/\/api.w.org\/{rel}","templated":true}]}}