{"id":140,"date":"2012-08-10T19:58:37","date_gmt":"2012-08-10T19:58:37","guid":{"rendered":"http:\/\/www.riedlingen.schachvereine.de\/"},"modified":"2025-12-28T15:14:26","modified_gmt":"2025-12-28T14:14:26","slug":"vereinsturnier","status":"publish","type":"page","link":"https:\/\/schachfreunde-riedlingen.de\/?page_id=140","title":{"rendered":"Riedlinger Vereinsmeisterschaft"},"content":{"rendered":"<p>Das Vereinsturnier startet j\u00e4hrlich im September zum Saisonstart und endet im Fr\u00fchjahr.<br \/>\nGek\u00e4mpft wird in langen Turnierpartien. Treffpunkt ist freitags im Vereinsraum.<br \/>\n(siehe Terminkalender)<\/p>\n<div style=\"overflow-x: auto;\">\n<table style=\"width: 530px;\" border=\"1\">\n<tbody>\n<tr>\n<td style=\"width: 62px;\"><strong>Nr.<\/strong><\/td>\n<td style=\"width: 125px;\"><strong>Jahr<\/strong><\/td>\n<td style=\"width: 95px;\"><strong>Zahl der Partien<\/strong><\/td>\n<td style=\"width: 115px;\"><strong>erreichte Punkte<\/strong><\/td>\n<td style=\"width: 235px;\"><strong>Vereinsmeister<\/strong><\/td>\n<\/tr>\n<tr>\n<td style=\"width: 62px;\">70.<\/td>\n<td style=\"width: 125px;\">2020<\/td>\n<td style=\"width: 95px;\">?<\/td>\n<td style=\"width: 115px;\">?<\/td>\n<td style=\"width: 235px;\">?<\/td>\n<\/tr>\n<tr>\n<td style=\"width: 62px;\">69.<\/td>\n<td style=\"width: 125px;\">2019 Herbst<\/td>\n<td style=\"width: 95px;\">6<\/td>\n<td style=\"width: 115px;\">5,5<\/td>\n<td style=\"width: 235px;\">Thomas Kromer<\/td>\n<\/tr>\n<tr>\n<td style=\"width: 62px;\">68.<\/td>\n<td style=\"width: 125px;\">2019 Fr\u00fcjahr<\/td>\n<td style=\"width: 95px;\">5<\/td>\n<td style=\"width: 115px;\">4,5<\/td>\n<td style=\"width: 235px;\">Thomas Kromer \/ Mahmoud Zyadah<\/td>\n<\/tr>\n<tr>\n<td style=\"width: 62px;\">67.<\/td>\n<td style=\"width: 125px;\">2018\/2019<\/td>\n<td style=\"width: 95px;\">5<\/td>\n<td style=\"width: 115px;\">5<\/td>\n<td style=\"width: 235px;\">Thomas Kromer<\/td>\n<\/tr>\n<tr>\n<td style=\"width: 62px;\">66.<\/td>\n<td style=\"width: 125px;\">2017\/2018<\/td>\n<td style=\"width: 95px;\">8<\/td>\n<td style=\"width: 115px;\">8<\/td>\n<td style=\"width: 235px;\">Thomas Kromer<\/td>\n<\/tr>\n<tr>\n<td style=\"width: 62px;\">65.<\/td>\n<td style=\"width: 125px;\">2016\/2017<\/td>\n<td style=\"width: 95px;\">22<\/td>\n<td style=\"width: 115px;\">20,5<\/td>\n<td style=\"width: 235px;\">Thomas Kromer<\/td>\n<\/tr>\n<tr>\n<td style=\"width: 62px;\">64.<\/td>\n<td style=\"width: 125px;\">2015\/2016<\/td>\n<td style=\"width: 95px;\">12<\/td>\n<td style=\"width: 115px;\">10,5<\/td>\n<td style=\"width: 235px;\">Thomas Kromer<\/td>\n<\/tr>\n<tr>\n<td style=\"width: 62px;\">63.<\/td>\n<td style=\"width: 125px;\"><a href=\"http:\/\/www.riedlingen.schachvereine.de\/wpsfr\/wp-content\/uploads\/2016\/06\/T-VT_2014-15_Gesamtergebnis.pdf\">2014\/2015<\/a><\/td>\n<td style=\"width: 95px;\">18<\/td>\n<td style=\"width: 115px;\">16,5<\/td>\n<td style=\"width: 235px;\">Thomas Kromer<\/td>\n<\/tr>\n<tr>\n<td style=\"width: 62px;\">62.<\/td>\n<td style=\"width: 125px;\">2013\/2014<\/td>\n<td style=\"width: 95px;\">20<\/td>\n<td style=\"width: 115px;\">17,5<\/td>\n<td style=\"width: 235px;\">Thomas Kromer<\/td>\n<\/tr>\n<tr>\n<td style=\"width: 62px;\">61.<\/td>\n<td style=\"width: 125px;\">2012\/2013<\/td>\n<td style=\"width: 95px;\">14<\/td>\n<td style=\"width: 115px;\">11<\/td>\n<td style=\"width: 235px;\">Georg Eck<\/td>\n<\/tr>\n<tr>\n<td style=\"width: 62px;\">60.<\/td>\n<td style=\"width: 125px;\">2011\/2012<\/td>\n<td style=\"width: 95px;\">16<\/td>\n<td style=\"width: 115px;\">14<\/td>\n<td style=\"width: 235px;\">Thomas Kromer<\/td>\n<\/tr>\n<tr>\n<td style=\"width: 62px;\">59.<\/td>\n<td style=\"width: 125px;\">2010\/2011<\/td>\n<td style=\"width: 95px;\">24<\/td>\n<td style=\"width: 115px;\">22<\/td>\n<td style=\"width: 235px;\">Thomas Kromer<\/td>\n<\/tr>\n<tr>\n<td style=\"width: 62px;\">58.<\/td>\n<td style=\"width: 125px;\">2009\/2010<\/td>\n<td style=\"width: 95px;\">20<\/td>\n<td style=\"width: 115px;\">18<\/td>\n<td style=\"width: 235px;\">Thomas Kromer<\/td>\n<\/tr>\n<tr>\n<td style=\"width: 62px;\">57.<\/td>\n<td style=\"width: 125px;\">2008\/2009<\/td>\n<td style=\"width: 95px;\">16<\/td>\n<td style=\"width: 115px;\">14,5<\/td>\n<td style=\"width: 235px;\">Thomas Kromer<\/td>\n<\/tr>\n<tr>\n<td style=\"width: 62px;\">56.<\/td>\n<td style=\"width: 125px;\">2007\/2008<\/td>\n<td style=\"width: 95px;\">14<\/td>\n<td style=\"width: 115px;\">12,5<\/td>\n<td style=\"width: 235px;\">Thomas Kromer<\/td>\n<\/tr>\n<tr>\n<td style=\"width: 62px;\">55.<\/td>\n<td style=\"width: 125px;\">2006\/2007<\/td>\n<td style=\"width: 95px;\">10<\/td>\n<td style=\"width: 115px;\">8<\/td>\n<td style=\"width: 235px;\">Peter Schilling<\/td>\n<\/tr>\n<tr>\n<td style=\"width: 62px;\">54.<\/td>\n<td style=\"width: 125px;\">2005\/2006<\/td>\n<td style=\"width: 95px;\">14<\/td>\n<td style=\"width: 115px;\">12,5<\/td>\n<td style=\"width: 235px;\">Peter Schilling<\/td>\n<\/tr>\n<tr>\n<td style=\"width: 62px;\">53.<\/td>\n<td style=\"width: 125px;\">2004\/2005<\/td>\n<td style=\"width: 95px;\">14<\/td>\n<td style=\"width: 115px;\">11,5<\/td>\n<td style=\"width: 235px;\">Marcellus Gladewitz<\/td>\n<\/tr>\n<tr>\n<td style=\"width: 62px;\">52.<\/td>\n<td style=\"width: 125px;\">2003\/2004<\/td>\n<td style=\"width: 95px;\">14<\/td>\n<td style=\"width: 115px;\">12<\/td>\n<td style=\"width: 235px;\">Patrick Fischer<\/td>\n<\/tr>\n<tr>\n<td style=\"width: 62px;\">51.<\/td>\n<td style=\"width: 125px;\">2002\/2003<\/td>\n<td style=\"width: 95px;\">16<\/td>\n<td style=\"width: 115px;\">14<\/td>\n<td style=\"width: 235px;\">Julian Kreutzer<\/td>\n<\/tr>\n<tr>\n<td style=\"width: 62px;\">50.<\/td>\n<td style=\"width: 125px;\">2001\/2002<\/td>\n<td style=\"width: 95px;\">22<\/td>\n<td style=\"width: 115px;\">17,5<\/td>\n<td style=\"width: 235px;\">Wladimir Franz<\/td>\n<\/tr>\n<tr>\n<td style=\"width: 62px;\">49.<\/td>\n<td style=\"width: 125px;\">2000\/2001<\/td>\n<td style=\"width: 95px;\">16<\/td>\n<td style=\"width: 115px;\">16<\/td>\n<td style=\"width: 235px;\">G\u00fcnter Munding<\/td>\n<\/tr>\n<tr>\n<td style=\"width: 62px;\">48.<\/td>\n<td style=\"width: 125px;\">1999\/2000<\/td>\n<td style=\"width: 95px;\">13<\/td>\n<td style=\"width: 115px;\">13<\/td>\n<td style=\"width: 235px;\">G\u00fcnter Munding<\/td>\n<\/tr>\n<tr>\n<td style=\"width: 62px;\">47.<\/td>\n<td style=\"width: 125px;\">1998\/1999<\/td>\n<td style=\"width: 95px;\">13<\/td>\n<td style=\"width: 115px;\">12<\/td>\n<td style=\"width: 235px;\">Andr\u00e9 Fischer (durch Entscheidungsspiel)<\/td>\n<\/tr>\n<tr>\n<td style=\"width: 62px;\">46.<\/td>\n<td style=\"width: 125px;\">1997\/1998<\/td>\n<td style=\"width: 95px;\">14<\/td>\n<td style=\"width: 115px;\">14<\/td>\n<td style=\"width: 235px;\">G\u00fcnter Munding<\/td>\n<\/tr>\n<tr>\n<td style=\"width: 62px;\">45.<\/td>\n<td style=\"width: 125px;\">1996\/1997<\/td>\n<td style=\"width: 95px;\">14<\/td>\n<td style=\"width: 115px;\">12,5<\/td>\n<td style=\"width: 235px;\">G\u00fcnter Munding<\/td>\n<\/tr>\n<tr>\n<td style=\"width: 62px;\">44.<\/td>\n<td style=\"width: 125px;\">1995\/1996<\/td>\n<td style=\"width: 95px;\">15<\/td>\n<td style=\"width: 115px;\">15<\/td>\n<td style=\"width: 235px;\">G\u00fcnter Munding<\/td>\n<\/tr>\n<tr>\n<td style=\"width: 62px;\">43.<\/td>\n<td style=\"width: 125px;\">1994\/1995<\/td>\n<td style=\"width: 95px;\">14<\/td>\n<td style=\"width: 115px;\">13,5<\/td>\n<td style=\"width: 235px;\">G\u00fcnter Munding<\/td>\n<\/tr>\n<tr>\n<td style=\"width: 62px;\">42.<\/td>\n<td style=\"width: 125px;\">1993\/1994<\/td>\n<td style=\"width: 95px;\">12<\/td>\n<td style=\"width: 115px;\">10<\/td>\n<td style=\"width: 235px;\">G\u00fcnter Munding<\/td>\n<\/tr>\n<tr>\n<td style=\"width: 62px;\">41.<\/td>\n<td style=\"width: 125px;\">1992\/1993<\/td>\n<td style=\"width: 95px;\">12<\/td>\n<td style=\"width: 115px;\">10,5<\/td>\n<td style=\"width: 235px;\">G\u00fcnter Munding<\/td>\n<\/tr>\n<tr>\n<td style=\"width: 62px;\">40.<\/td>\n<td style=\"width: 125px;\">1991\/1992<\/td>\n<td style=\"width: 95px;\">13<\/td>\n<td style=\"width: 115px;\">10<\/td>\n<td style=\"width: 235px;\">Herbert Haberbosch<\/td>\n<\/tr>\n<tr>\n<td style=\"width: 62px;\">39.<\/td>\n<td style=\"width: 125px;\">1990\/1991<\/td>\n<td style=\"width: 95px;\">14<\/td>\n<td style=\"width: 115px;\">12<\/td>\n<td style=\"width: 235px;\">G\u00fcnter Munding<\/td>\n<\/tr>\n<tr>\n<td style=\"width: 62px;\">38.<\/td>\n<td style=\"width: 125px;\">1989\/1990<\/td>\n<td style=\"width: 95px;\">16<\/td>\n<td style=\"width: 115px;\">12<\/td>\n<td style=\"width: 235px;\">G\u00fcnter Munding<\/td>\n<\/tr>\n<tr>\n<td style=\"width: 62px;\">37.<\/td>\n<td style=\"width: 125px;\">1988\/1989<\/td>\n<td style=\"width: 95px;\">15<\/td>\n<td style=\"width: 115px;\">10,5<\/td>\n<td style=\"width: 235px;\">G\u00fcnter Munding<\/td>\n<\/tr>\n<tr>\n<td style=\"width: 62px;\">36.<\/td>\n<td style=\"width: 125px;\">1987\/1988<\/td>\n<td style=\"width: 95px;\">16<\/td>\n<td style=\"width: 115px;\">14<\/td>\n<td style=\"width: 235px;\">G\u00fcnter Munding<\/td>\n<\/tr>\n<tr>\n<td style=\"width: 62px;\">35.<\/td>\n<td style=\"width: 125px;\">1986\/1987<\/td>\n<td style=\"width: 95px;\">13<\/td>\n<td style=\"width: 115px;\">10<\/td>\n<td style=\"width: 235px;\">Gerhard Berner<\/td>\n<\/tr>\n<tr>\n<td style=\"width: 62px;\">34.<\/td>\n<td style=\"width: 125px;\">1985\/1986<\/td>\n<td style=\"width: 95px;\">18<\/td>\n<td style=\"width: 115px;\">15<\/td>\n<td style=\"width: 235px;\">G\u00fcnter Munding<\/td>\n<\/tr>\n<tr>\n<td style=\"width: 62px;\">33.<\/td>\n<td style=\"width: 125px;\">1984\/1985<\/td>\n<td style=\"width: 95px;\">18<\/td>\n<td style=\"width: 115px;\">14,5<\/td>\n<td style=\"width: 235px;\">Gerhard Berner<\/td>\n<\/tr>\n<tr>\n<td style=\"width: 62px;\">32.<\/td>\n<td style=\"width: 125px;\">1983\/1984<\/td>\n<td style=\"width: 95px;\">16<\/td>\n<td style=\"width: 115px;\">12<\/td>\n<td style=\"width: 235px;\">G\u00fcnter Munding<\/td>\n<\/tr>\n<tr>\n<td style=\"width: 62px;\">31.<\/td>\n<td style=\"width: 125px;\">1982\/1983<\/td>\n<td style=\"width: 95px;\">20<\/td>\n<td style=\"width: 115px;\">17,5<\/td>\n<td style=\"width: 235px;\">G\u00fcnter Munding<\/td>\n<\/tr>\n<tr>\n<td style=\"width: 62px;\">30.<\/td>\n<td style=\"width: 125px;\">1981\/1982<\/td>\n<td style=\"width: 95px;\">19<\/td>\n<td style=\"width: 115px;\">17,5<\/td>\n<td style=\"width: 235px;\">Gerhard Berner<\/td>\n<\/tr>\n<tr>\n<td style=\"width: 62px;\">29.<\/td>\n<td style=\"width: 125px;\">1980\/1981<\/td>\n<td style=\"width: 95px;\">18<\/td>\n<td style=\"width: 115px;\">17,5<\/td>\n<td style=\"width: 235px;\">Gerhard Berner<\/td>\n<\/tr>\n<tr>\n<td style=\"width: 62px;\">28.<\/td>\n<td style=\"width: 125px;\">1979\/1980<\/td>\n<td style=\"width: 95px;\">18<\/td>\n<td style=\"width: 115px;\">17,5<\/td>\n<td style=\"width: 235px;\">Gerhard Berner<\/td>\n<\/tr>\n<tr>\n<td style=\"width: 62px;\">27.<\/td>\n<td style=\"width: 125px;\">1978\/1979<\/td>\n<td style=\"width: 95px;\">12<\/td>\n<td style=\"width: 115px;\">11,5<\/td>\n<td style=\"width: 235px;\">Gerhard Berner<\/td>\n<\/tr>\n<tr>\n<td style=\"width: 62px;\">26.<\/td>\n<td style=\"width: 125px;\">1977\/1978<\/td>\n<td style=\"width: 95px;\">14<\/td>\n<td style=\"width: 115px;\">12<\/td>\n<td style=\"width: 235px;\">Gerhard Berner<\/td>\n<\/tr>\n<tr>\n<td style=\"width: 62px;\">25.<\/td>\n<td style=\"width: 125px;\">1976\/1977<\/td>\n<td style=\"width: 95px;\">18<\/td>\n<td style=\"width: 115px;\">17,5<\/td>\n<td style=\"width: 235px;\">Gerhard Berner<\/td>\n<\/tr>\n<tr>\n<td style=\"width: 62px;\">24.<\/td>\n<td style=\"width: 125px;\">1975\/1976<\/td>\n<td style=\"width: 95px;\">18<\/td>\n<td style=\"width: 115px;\">16<\/td>\n<td style=\"width: 235px;\">Gerhard Berner<\/td>\n<\/tr>\n<tr>\n<td style=\"width: 62px;\">23.<\/td>\n<td style=\"width: 125px;\">1974\/1975<\/td>\n<td style=\"width: 95px;\">20<\/td>\n<td style=\"width: 115px;\">19<\/td>\n<td style=\"width: 235px;\">Gerhard Berner<\/td>\n<\/tr>\n<tr>\n<td style=\"width: 62px;\">22.<\/td>\n<td style=\"width: 125px;\">1973\/1974<\/td>\n<td style=\"width: 95px;\">18<\/td>\n<td style=\"width: 115px;\">17,5<\/td>\n<td style=\"width: 235px;\">Gerhard Berner<\/td>\n<\/tr>\n<tr>\n<td style=\"width: 62px;\">21.<\/td>\n<td style=\"width: 125px;\">1972\/1973<\/td>\n<td style=\"width: 95px;\">17<\/td>\n<td style=\"width: 115px;\">17<\/td>\n<td style=\"width: 235px;\">Gerhard Berner<\/td>\n<\/tr>\n<tr>\n<td style=\"width: 62px;\">20.<\/td>\n<td style=\"width: 125px;\">1971\/1972<\/td>\n<td style=\"width: 95px;\">10<\/td>\n<td style=\"width: 115px;\">10<\/td>\n<td style=\"width: 235px;\">Gerhard Berner<\/td>\n<\/tr>\n<tr>\n<td style=\"width: 62px;\">19.<\/td>\n<td style=\"width: 125px;\">1970\/1971<\/td>\n<td style=\"width: 95px;\">11<\/td>\n<td style=\"width: 115px;\">11<\/td>\n<td style=\"width: 235px;\">Gerhard Berner<\/td>\n<\/tr>\n<tr>\n<td style=\"width: 62px;\">18.<\/td>\n<td style=\"width: 125px;\">1969\/1970<\/td>\n<td style=\"width: 95px;\">13<\/td>\n<td style=\"width: 115px;\">13<\/td>\n<td style=\"width: 235px;\">Gerhard Berner<\/td>\n<\/tr>\n<tr>\n<td style=\"width: 62px;\">17.<\/td>\n<td style=\"width: 125px;\">1968\/1969<\/td>\n<td style=\"width: 95px;\">18<\/td>\n<td style=\"width: 115px;\">18<\/td>\n<td style=\"width: 235px;\">Gerhard Berner<\/td>\n<\/tr>\n<tr>\n<td style=\"width: 62px;\">16.<\/td>\n<td style=\"width: 125px;\">1967\/1968<\/td>\n<td style=\"width: 95px;\">19<\/td>\n<td style=\"width: 115px;\">18,5<\/td>\n<td style=\"width: 235px;\">Gerhard Berner<\/td>\n<\/tr>\n<tr>\n<td style=\"width: 62px;\">15.<\/td>\n<td style=\"width: 125px;\">1966\/1967<\/td>\n<td style=\"width: 95px;\">17<\/td>\n<td style=\"width: 115px;\">17<\/td>\n<td style=\"width: 235px;\">Gerhard Berner<\/td>\n<\/tr>\n<tr>\n<td style=\"width: 62px;\">14.<\/td>\n<td style=\"width: 125px;\">1965\/1966<\/td>\n<td style=\"width: 95px;\">15<\/td>\n<td style=\"width: 115px;\">14,5<\/td>\n<td style=\"width: 235px;\">Gerhard Berner<\/td>\n<\/tr>\n<tr>\n<td style=\"width: 62px;\">13.<\/td>\n<td style=\"width: 125px;\">1964\/1965<\/td>\n<td style=\"width: 95px;\"><\/td>\n<td style=\"width: 115px;\"><\/td>\n<td style=\"width: 235px;\">Matthias Bogner<\/td>\n<\/tr>\n<tr>\n<td style=\"width: 62px;\">12.<\/td>\n<td style=\"width: 125px;\">1963\/1964<\/td>\n<td style=\"width: 95px;\"><\/td>\n<td style=\"width: 115px;\"><\/td>\n<td style=\"width: 235px;\">Willi Warstatt<\/td>\n<\/tr>\n<tr>\n<td style=\"width: 62px;\">11.<\/td>\n<td style=\"width: 125px;\">1962\/1963<\/td>\n<td style=\"width: 95px;\"><\/td>\n<td style=\"width: 115px;\"><\/td>\n<td style=\"width: 235px;\">Matthias Bogner<\/td>\n<\/tr>\n<tr>\n<td style=\"width: 62px;\">10.<\/td>\n<td style=\"width: 125px;\">1961\/1962<\/td>\n<td style=\"width: 95px;\">18<\/td>\n<td style=\"width: 115px;\">17,5<\/td>\n<td style=\"width: 235px;\">Gerhard Berner<\/td>\n<\/tr>\n<tr>\n<td style=\"width: 62px;\">9.<\/td>\n<td style=\"width: 125px;\">1960\/1961<\/td>\n<td style=\"width: 95px;\">22<\/td>\n<td style=\"width: 115px;\">15,5<\/td>\n<td style=\"width: 235px;\">Willi Warstat<\/td>\n<\/tr>\n<tr>\n<td style=\"width: 62px;\">8.<\/td>\n<td style=\"width: 125px;\">1959\/1960<\/td>\n<td style=\"width: 95px;\"><\/td>\n<td style=\"width: 115px;\">13,5<\/td>\n<td style=\"width: 235px;\">Willi Warstat<\/td>\n<\/tr>\n<tr>\n<td style=\"width: 62px;\">7.<\/td>\n<td style=\"width: 125px;\">1958\/1959<\/td>\n<td style=\"width: 95px;\">18<\/td>\n<td style=\"width: 115px;\">12<\/td>\n<td style=\"width: 235px;\">Heinz Berner<\/td>\n<\/tr>\n<tr>\n<td style=\"width: 62px;\">6.<\/td>\n<td style=\"width: 125px;\">1957\/1958<\/td>\n<td style=\"width: 95px;\">20<\/td>\n<td style=\"width: 115px;\">19,5<\/td>\n<td style=\"width: 235px;\">Gerhard Berner<\/td>\n<\/tr>\n<tr>\n<td style=\"width: 62px;\">5.<\/td>\n<td style=\"width: 125px;\">1955\/1956<\/td>\n<td style=\"width: 95px;\"><\/td>\n<td style=\"width: 115px;\"><\/td>\n<td style=\"width: 235px;\">Altvater<\/td>\n<\/tr>\n<tr>\n<td style=\"width: 62px;\">4.<\/td>\n<td style=\"width: 125px;\">1954\/1955<\/td>\n<td style=\"width: 95px;\">30<\/td>\n<td style=\"width: 115px;\">29<\/td>\n<td style=\"width: 235px;\">Gerhard Berner<\/td>\n<\/tr>\n<tr>\n<td style=\"width: 62px;\">3.<\/td>\n<td style=\"width: 125px;\">1953\/1954<\/td>\n<td style=\"width: 95px;\">14<\/td>\n<td style=\"width: 115px;\">14<\/td>\n<td style=\"width: 235px;\">Gerhard Berner<\/td>\n<\/tr>\n<tr>\n<td style=\"width: 62px;\">2.<\/td>\n<td style=\"width: 125px;\">1951\/1952<\/td>\n<td style=\"width: 95px;\"><\/td>\n<td style=\"width: 115px;\"><\/td>\n<td style=\"width: 235px;\">Otto M\u00fcller<\/td>\n<\/tr>\n<tr>\n<td style=\"width: 62px;\">1.<\/td>\n<td style=\"width: 125px;\">1950\/1951<\/td>\n<td style=\"width: 95px;\">14<\/td>\n<td style=\"width: 115px;\">13<\/td>\n<td style=\"width: 235px;\">Otto M\u00fcller<\/td>\n<\/tr>\n<\/tbody>\n<\/table>\n<\/div>\n","protected":false},"excerpt":{"rendered":"<p>Das Vereinsturnier startet j\u00e4hrlich im September zum Saisonstart und endet im Fr\u00fchjahr. Gek\u00e4mpft wird in langen Turnierpartien. Treffpunkt ist freitags im Vereinsraum. (siehe Terminkalender) Nr. Jahr Zahl der Partien erreichte Punkte Vereinsmeister 70. 2020 ? ? ? 69. 2019 Herbst 6 5,5 Thomas Kromer 68. 2019 Fr\u00fcjahr 5 4,5 Thomas Kromer \/ Mahmoud Zyadah 67&#8230;.<\/p>\n","protected":false},"author":13,"featured_media":0,"parent":136,"menu_order":10,"comment_status":"closed","ping_status":"closed","template":"","meta":{"_kad_post_transparent":"","_kad_post_title":"","_kad_post_layout":"","_kad_post_sidebar_id":"","_kad_post_content_style":"","_kad_post_vertical_padding":"","_kad_post_feature":"","_kad_post_feature_position":"","_kad_post_header":false,"_kad_post_footer":false,"_mc_calendar":[],"footnotes":""},"class_list":["post-140","page","type-page","status-publish","hentry"],"_links":{"self":[{"href":"https:\/\/schachfreunde-riedlingen.de\/index.php?rest_route=\/wp\/v2\/pages\/140","targetHints":{"allow":["GET"]}}],"collection":[{"href":"https:\/\/schachfreunde-riedlingen.de\/index.php?rest_route=\/wp\/v2\/pages"}],"about":[{"href":"https:\/\/schachfreunde-riedlingen.de\/index.php?rest_route=\/wp\/v2\/types\/page"}],"author":[{"embeddable":true,"href":"https:\/\/schachfreunde-riedlingen.de\/index.php?rest_route=\/wp\/v2\/users\/13"}],"replies":[{"embeddable":true,"href":"https:\/\/schachfreunde-riedlingen.de\/index.php?rest_route=%2Fwp%2Fv2%2Fcomments&post=140"}],"version-history":[{"count":32,"href":"https:\/\/schachfreunde-riedlingen.de\/index.php?rest_route=\/wp\/v2\/pages\/140\/revisions"}],"predecessor-version":[{"id":4753,"href":"https:\/\/schachfreunde-riedlingen.de\/index.php?rest_route=\/wp\/v2\/pages\/140\/revisions\/4753"}],"up":[{"embeddable":true,"href":"https:\/\/schachfreunde-riedlingen.de\/index.php?rest_route=\/wp\/v2\/pages\/136"}],"wp:attachment":[{"href":"https:\/\/schachfreunde-riedlingen.de\/index.php?rest_route=%2Fwp%2Fv2%2Fmedia&parent=140"}],"curies":[{"name":"wp","href":"https:\/\/api.w.org\/{rel}","templated":true}]}}