{"id":112,"date":"2010-09-19T11:55:30","date_gmt":"2010-09-19T11:55:30","guid":{"rendered":"http:\/\/www.riedlingen.schachvereine.de\/"},"modified":"2025-12-29T16:44:30","modified_gmt":"2025-12-29T15:44:30","slug":"impressum","status":"publish","type":"page","link":"https:\/\/schachfreunde-riedlingen.de\/?page_id=112","title":{"rendered":"Impressum"},"content":{"rendered":"\n<div class=\"wp-block-columns is-layout-flex wp-container-core-columns-is-layout-9d6595d7 wp-block-columns-is-layout-flex\">\n<div class=\"wp-block-column has-text-color has-link-color wp-elements-d4c1abdf93b83d1f61e48b8cbbb82bed is-content-justification-center is-layout-constrained wp-block-column-is-layout-constrained\" style=\"border-style:none;border-width:0px;border-top-left-radius:0px;border-top-right-radius:0px;border-bottom-left-radius:0px;border-bottom-right-radius:0px;color:#c1510b\">\n<p><strong>Verein:<\/strong><\/p>\n<\/div>\n\n\n\n<div class=\"wp-block-column has-text-color has-link-color wp-elements-80d46ec44cc73c441ebc6d634932b66d is-content-justification-center is-layout-constrained wp-block-column-is-layout-constrained\" style=\"color:#c1510b\">\n<p><strong>Verantwortlich im Sinne des \u00a7 18 Abs. 2 MStV:<\/strong><\/p>\n<\/div>\n<\/div>\n\n\n\n<div class=\"wp-block-columns is-layout-flex wp-container-core-columns-is-layout-9d6595d7 wp-block-columns-is-layout-flex\">\n<div class=\"wp-block-column is-layout-flow wp-block-column-is-layout-flow\">\n<p>Schachfreunde Riedlingen e. V.<br>Thomas Kromer<br>Pfarrstra\u00dfe 9<br>88521 Ertingen-Erisdorf<br>Tel. (0 73 71) 41 96<br>E-Mail: info@schachfreunde-riedlingen.de<\/p>\n<\/div>\n\n\n\n<div class=\"wp-block-column is-layout-flow wp-block-column-is-layout-flow\">\n<p>Thomas Kromer<br>Pfarrstra\u00dfe 9<br>88521 Ertingen-Erisdorf<br><\/p>\n<\/div>\n<\/div>\n\n\n\n<div class=\"wp-block-columns is-layout-flex wp-container-core-columns-is-layout-d735db0d wp-block-columns-is-layout-flex\" style=\"padding-top:0;padding-right:0;padding-bottom:0;padding-left:0\">\n<div class=\"wp-block-column has-text-color has-link-color wp-elements-fd5d795d53ca77ace29270cf5747d032 is-layout-flow wp-block-column-is-layout-flow\" style=\"color:#c1510b;padding-top:0;padding-bottom:0\">\n<p><strong>Vertretungsberechtigt nach \u00a7 26 BGB:<\/strong><\/p>\n<\/div>\n\n\n\n<div class=\"wp-block-column has-text-color has-link-color wp-elements-113e52b2a35382d046b4d34052fd21ef is-layout-flow wp-block-column-is-layout-flow\" style=\"color:#c1510b\">\n<p><strong>Registergericht, Registernummer:<\/strong><\/p>\n<\/div>\n<\/div>\n\n\n\n<div class=\"wp-block-columns is-layout-flex wp-container-core-columns-is-layout-9d6595d7 wp-block-columns-is-layout-flex\">\n<div class=\"wp-block-column is-layout-flow wp-block-column-is-layout-flow\">\n<p>1. Vorsitzender:  Thomas Kromer<br>2. Vorsitzender:  Claudius Ott<\/p>\n<\/div>\n\n\n\n<div class=\"wp-block-column is-layout-flow wp-block-column-is-layout-flow\">\n<p>Ulm, VR650145<\/p>\n<\/div>\n<\/div>\n\n\n<p><span style=\"color: #c1510b;\"><strong>Urheberrecht<\/strong><\/span><\/p>\n<p>Alle Rechte vorbehalten. Alle Inhalte und Werke dieser Webseite sowie ihre Anordnung unterliegen dem Urheberrecht. Die Vervielf\u00e4ltigung, Bearbeitung, Verbreitung und jede Art der Verwertung au\u00dferhalb der Grenzen des Urheberrechtes bed\u00fcrfen der schriftlichen Zustimmung des jeweiligen Autors bzw. Erstellers. Downloads und Kopien dieser Seite sind nur f\u00fcr den privaten, nicht kommerziellen Gebrauch gestattet. Soweit die Inhalte auf dieser Seite nicht vom Betreiber erstellt wurden, werden die Urheberrechte Dritter beachtet. Insbesondere werden Inhalte Dritter als solche gekennzeichnet. Sollten Sie trotzdem auf eine Urheberrechtsverletzung aufmerksam werden, bitten wir um einen entsprechenden Hinweis. Bei Bekanntwerden von Rechtsverletzungen werden wir derartige Inhalte umgehend entfernen.<\/p>\n<p><span style=\"color: #c1510b;\"><strong>Haftung f\u00fcr Inhalte<\/strong><\/span><\/p>\n<p>Die Inhalte unserer Seiten wurden mit gr\u00f6\u00dfter Sorgfalt erstellt. F\u00fcr die Richtigkeit, Vollst\u00e4ndigkeit und Aktualit\u00e4t der Inhalte k\u00f6nnen wir jedoch keine Gew\u00e4hr \u00fcbernehmen. Als Diensteanbieter sind wir gem\u00e4\u00df \u00a7 7 Abs.1 DDG f\u00fcr eigene Inhalte auf diesen Seiten nach den allgemeinen Gesetzen verantwortlich. Nach \u00a7\u00a7 8 bis 10 DDG sind wir als Diensteanbieter jedoch nicht verpflichtet, \u00fcbermittelte oder gespeicherte fremde Informationen zu \u00fcberwachen oder nach Umst\u00e4nden zu forschen, die auf eine rechtswidrige T\u00e4tigkeit hinweisen. Verpflichtungen zur Entfernung oder Sperrung der Nutzung von Informationen nach den allgemeinen Gesetzen bleiben hiervon unber\u00fchrt. Eine diesbez\u00fcgliche Haftung ist jedoch erst ab dem Zeitpunkt der Kenntnis einer konkreten Rechtsverletzung m\u00f6glich. Bei Bekanntwerden von entsprechenden Rechtsverletzungen werden wir diese Inhalte umgehend entfernen.<\/p>\n<p><span style=\"color: #c1510b;\"><strong>Haftung f\u00fcr Links<\/strong><\/span><\/p>\n<p>Unser Angebot enth\u00e4lt Links zu externen Webseiten Dritter, auf deren Inhalte wir keinen Einfluss haben. Deshalb k\u00f6nnen wir f\u00fcr diese fremden Inhalte auch keine Gew\u00e4hr \u00fcbernehmen. F\u00fcr die Inhalte der verlinkten Seiten ist stets der jeweilige Anbieter oder Betreiber der Seiten verantwortlich. Die verlinkten Seiten wurden zum Zeitpunkt der Verlinkung auf m\u00f6gliche Rechtsverst\u00f6\u00dfe \u00fcberpr\u00fcft. Rechtswidrige Inhalte waren zum Zeitpunkt der Verlinkung nicht erkennbar. Eine permanente inhaltliche Kontrolle der verlinkten Seiten ist jedoch ohne konkrete Anhaltspunkte einer Rechtsverletzung nicht zumutbar. Bei Bekanntwerden von Rechtsverletzungen werden wir derartige Links umgehend entfernen.<\/p>","protected":false},"excerpt":{"rendered":"<p>Verein: Verantwortlich im Sinne des \u00a7 18 Abs. 2 MStV: Schachfreunde Riedlingen e. V.Thomas KromerPfarrstra\u00dfe 988521 Ertingen-ErisdorfTel. (0 73 71) 41 96E-Mail: info@schachfreunde-riedlingen.de Thomas KromerPfarrstra\u00dfe 988521 Ertingen-Erisdorf Vertretungsberechtigt nach \u00a7 26 BGB: Registergericht, Registernummer: 1. Vorsitzender: Thomas Kromer2. Vorsitzender: Claudius Ott Ulm, VR650145 Urheberrecht Alle Rechte vorbehalten. Alle Inhalte und Werke dieser Webseite sowie ihre&#8230;<\/p>\n","protected":false},"author":13,"featured_media":0,"parent":0,"menu_order":200,"comment_status":"closed","ping_status":"closed","template":"","meta":{"_kad_post_transparent":"","_kad_post_title":"","_kad_post_layout":"","_kad_post_sidebar_id":"","_kad_post_content_style":"","_kad_post_vertical_padding":"","_kad_post_feature":"","_kad_post_feature_position":"","_kad_post_header":false,"_kad_post_footer":false,"_mc_calendar":[],"footnotes":""},"class_list":["post-112","page","type-page","status-publish","hentry"],"_links":{"self":[{"href":"https:\/\/schachfreunde-riedlingen.de\/index.php?rest_route=\/wp\/v2\/pages\/112","targetHints":{"allow":["GET"]}}],"collection":[{"href":"https:\/\/schachfreunde-riedlingen.de\/index.php?rest_route=\/wp\/v2\/pages"}],"about":[{"href":"https:\/\/schachfreunde-riedlingen.de\/index.php?rest_route=\/wp\/v2\/types\/page"}],"author":[{"embeddable":true,"href":"https:\/\/schachfreunde-riedlingen.de\/index.php?rest_route=\/wp\/v2\/users\/13"}],"replies":[{"embeddable":true,"href":"https:\/\/schachfreunde-riedlingen.de\/index.php?rest_route=%2Fwp%2Fv2%2Fcomments&post=112"}],"version-history":[{"count":38,"href":"https:\/\/schachfreunde-riedlingen.de\/index.php?rest_route=\/wp\/v2\/pages\/112\/revisions"}],"predecessor-version":[{"id":4787,"href":"https:\/\/schachfreunde-riedlingen.de\/index.php?rest_route=\/wp\/v2\/pages\/112\/revisions\/4787"}],"wp:attachment":[{"href":"https:\/\/schachfreunde-riedlingen.de\/index.php?rest_route=%2Fwp%2Fv2%2Fmedia&parent=112"}],"curies":[{"name":"wp","href":"https:\/\/api.w.org\/{rel}","templated":true}]}}